{"id":1829,"date":"2023-11-18T16:15:40","date_gmt":"2023-11-18T16:15:40","guid":{"rendered":"https:\/\/www.tusoportecnologico.com\/?post_type=product&#038;p=1829"},"modified":"2024-11-22T16:30:57","modified_gmt":"2024-11-22T16:30:57","slug":"bateria-original-asus-c31n1636","status":"publish","type":"product","link":"https:\/\/www.tusoportecnologico.com\/?product=bateria-original-asus-c31n1636","title":{"rendered":"Bateria Original Asus C31N1636"},"content":{"rendered":"<ol>\n<li>Clasificaci\u00f3n de la bater\u00eda: 11,49 V.<\/li>\n<li>Capacidad de la bater\u00eda: 4165 mAh (47 Wh)<\/li>\n<li>Tipo de bater\u00eda: bater\u00eda de iones de litio<\/li>\n<li>Color de la bater\u00eda: NEGRO<\/li>\n<\/ol>\n<p>Baterias Usadas Originales con garantia de satisfacci\u00f3n<br \/>\ntienes 8 dias para probar su rendimiendo<br \/>\nEn caso de no tener mas stock<br \/>\nReintegro del dinero en caso de no satisfacci\u00f3n<\/p>\n","protected":false},"excerpt":{"rendered":"<p>Clasificaci\u00f3n de la bater\u00eda: 11,49 V. Capacidad de la bater\u00eda: 4165 mAh (47 Wh) Tipo de bater\u00eda: bater\u00eda de iones de litio Color de la bater\u00eda: NEGRO Baterias Usadas Originales con garantia de satisfacci\u00f3n tienes 8 dias para probar su rendimiendo En caso de no tener mas stock Reintegro del dinero en caso de no &hellip;<\/p>\n<p class=\"read-more\"> <a class=\" thunk-readmore button \" href=\"https:\/\/www.tusoportecnologico.com\/?product=bateria-original-asus-c31n1636\"> <span class=\"screen-reader-text\">Bateria Original Asus C31N1636<\/span>Leer m\u00e1s<\/a><\/p>\n","protected":false},"featured_media":1830,"comment_status":"open","ping_status":"closed","template":"","meta":[],"product_brand":[],"product_cat":[117,65],"product_tag":[],"class_list":{"0":"post-1829","1":"product","2":"type-product","3":"status-publish","4":"has-post-thumbnail","6":"product_cat-asus-baterias","7":"product_cat-baterias","8":"thunk-woo-product-list","9":"opn-qv-enable","10":"top-store-woo-hover-zoom","11":"top-store-single-product-tab-horizontal","12":"top-store-shadow-","13":"top-store-shadow-hover-","15":"first","16":"instock","17":"taxable","18":"shipping-taxable","19":"product-type-simple"},"_links":{"self":[{"href":"https:\/\/www.tusoportecnologico.com\/index.php?rest_route=\/wp\/v2\/product\/1829","targetHints":{"allow":["GET"]}}],"collection":[{"href":"https:\/\/www.tusoportecnologico.com\/index.php?rest_route=\/wp\/v2\/product"}],"about":[{"href":"https:\/\/www.tusoportecnologico.com\/index.php?rest_route=\/wp\/v2\/types\/product"}],"replies":[{"embeddable":true,"href":"https:\/\/www.tusoportecnologico.com\/index.php?rest_route=%2Fwp%2Fv2%2Fcomments&post=1829"}],"wp:featuredmedia":[{"embeddable":true,"href":"https:\/\/www.tusoportecnologico.com\/index.php?rest_route=\/wp\/v2\/media\/1830"}],"wp:attachment":[{"href":"https:\/\/www.tusoportecnologico.com\/index.php?rest_route=%2Fwp%2Fv2%2Fmedia&parent=1829"}],"wp:term":[{"taxonomy":"product_brand","embeddable":true,"href":"https:\/\/www.tusoportecnologico.com\/index.php?rest_route=%2Fwp%2Fv2%2Fproduct_brand&post=1829"},{"taxonomy":"product_cat","embeddable":true,"href":"https:\/\/www.tusoportecnologico.com\/index.php?rest_route=%2Fwp%2Fv2%2Fproduct_cat&post=1829"},{"taxonomy":"product_tag","embeddable":true,"href":"https:\/\/www.tusoportecnologico.com\/index.php?rest_route=%2Fwp%2Fv2%2Fproduct_tag&post=1829"}],"curies":[{"name":"wp","href":"https:\/\/api.w.org\/{rel}","templated":true}]}}