{"id":1797,"date":"2023-07-14T20:15:04","date_gmt":"2023-07-14T20:15:04","guid":{"rendered":"https:\/\/www.tusoportecnologico.com\/?post_type=product&#038;p=1797"},"modified":"2025-10-14T04:09:03","modified_gmt":"2025-10-14T04:09:03","slug":"bateria-hp-gm02xl","status":"publish","type":"product","link":"https:\/\/www.tusoportecnologico.com\/?product=bateria-hp-gm02xl","title":{"rendered":"Bateria HP GM02XL"},"content":{"rendered":"<p><span class=\"a-list-item\">Tipo de bater\u00eda: iones de litio. Voltaje: 7,7 V. Capacidad: 47,3 Wh 6150 mAh.<\/span><\/p>\n<p><span class=\"a-list-item\">N\u00famero de pieza compatible: GM02XL GMO2XL HSTNN-DB7X HSTNN-UB7M 917679-271 917725-855.<\/span><\/p>\n<p><span class=\"a-list-item\">Repuesto para port\u00e1til: HP Chromebook 14 G5 G6, Chromebook 11A G6 G8 EE, Chromebook 11 G6 G7 G8 EE, Chromebook X360 11 G1 G2 G3 Series Notebook.<\/span><\/p>\n<p>Baterias Usadas Originales con garantia de satisfacci\u00f3n<br \/>\ntienes 8 dias para probar su rendimiendo<br \/>\nEn caso de no tener mas stock<br \/>\nReintegro del dinero en caso de no satisfacci\u00f3n<\/p>\n","protected":false},"excerpt":{"rendered":"<p>Tipo de bater\u00eda: iones de litio. Voltaje: 7,7 V. Capacidad: 47,3 Wh 6150 mAh. N\u00famero de pieza compatible: GM02XL GMO2XL HSTNN-DB7X HSTNN-UB7M 917679-271 917725-855. Repuesto para port\u00e1til: HP Chromebook 14 G5 G6, Chromebook 11A G6 G8 EE, Chromebook 11 G6 G7 G8 EE, Chromebook X360 11 G1 G2 G3 Series Notebook. Baterias Usadas Originales con &hellip;<\/p>\n<p class=\"read-more\"> <a class=\" thunk-readmore button \" href=\"https:\/\/www.tusoportecnologico.com\/?product=bateria-hp-gm02xl\"> <span class=\"screen-reader-text\">Bateria HP GM02XL<\/span>Leer m\u00e1s<\/a><\/p>\n","protected":false},"featured_media":1798,"comment_status":"open","ping_status":"closed","template":"","meta":[],"product_brand":[],"product_cat":[65,116],"product_tag":[],"class_list":{"0":"post-1797","1":"product","2":"type-product","3":"status-publish","4":"has-post-thumbnail","6":"product_cat-baterias","7":"product_cat-hp-baterias","8":"thunk-woo-product-list","9":"opn-qv-enable","10":"top-store-woo-hover-zoom","11":"top-store-single-product-tab-horizontal","12":"top-store-shadow-","13":"top-store-shadow-hover-","15":"first","16":"instock","17":"taxable","18":"shipping-taxable","19":"purchasable","20":"product-type-simple"},"_links":{"self":[{"href":"https:\/\/www.tusoportecnologico.com\/index.php?rest_route=\/wp\/v2\/product\/1797","targetHints":{"allow":["GET"]}}],"collection":[{"href":"https:\/\/www.tusoportecnologico.com\/index.php?rest_route=\/wp\/v2\/product"}],"about":[{"href":"https:\/\/www.tusoportecnologico.com\/index.php?rest_route=\/wp\/v2\/types\/product"}],"replies":[{"embeddable":true,"href":"https:\/\/www.tusoportecnologico.com\/index.php?rest_route=%2Fwp%2Fv2%2Fcomments&post=1797"}],"wp:featuredmedia":[{"embeddable":true,"href":"https:\/\/www.tusoportecnologico.com\/index.php?rest_route=\/wp\/v2\/media\/1798"}],"wp:attachment":[{"href":"https:\/\/www.tusoportecnologico.com\/index.php?rest_route=%2Fwp%2Fv2%2Fmedia&parent=1797"}],"wp:term":[{"taxonomy":"product_brand","embeddable":true,"href":"https:\/\/www.tusoportecnologico.com\/index.php?rest_route=%2Fwp%2Fv2%2Fproduct_brand&post=1797"},{"taxonomy":"product_cat","embeddable":true,"href":"https:\/\/www.tusoportecnologico.com\/index.php?rest_route=%2Fwp%2Fv2%2Fproduct_cat&post=1797"},{"taxonomy":"product_tag","embeddable":true,"href":"https:\/\/www.tusoportecnologico.com\/index.php?rest_route=%2Fwp%2Fv2%2Fproduct_tag&post=1797"}],"curies":[{"name":"wp","href":"https:\/\/api.w.org\/{rel}","templated":true}]}}