{"id":1402,"date":"2022-07-06T21:50:21","date_gmt":"2022-07-06T21:50:21","guid":{"rendered":"https:\/\/www.tusoportecnologico.com\/?post_type=product&#038;p=1402"},"modified":"2024-12-26T17:22:11","modified_gmt":"2024-12-26T17:22:11","slug":"intel-9462ngw-dual-band-wireless-ac","status":"publish","type":"product","link":"https:\/\/www.tusoportecnologico.com\/?product=intel-9462ngw-dual-band-wireless-ac","title":{"rendered":"Intel 9462NGW Dual Band Wireless-AC"},"content":{"rendered":"<div id=\"specs-1-0-2\" class=\"tech-section\">\n<div class=\"row tech-section-row\">\n<div class=\"col-xs-6 col-lg-6 tech-label\">Transferencias TX\/RX<\/div>\n<div class=\"col-xs-6 col-lg-6 tech-data\">1&#215;1 (Diversity)<\/div>\n<\/div>\n<div class=\"row tech-section-row\">\n<div class=\"col-xs-6 col-lg-6 tech-label\">Bandas<\/div>\n<div class=\"col-xs-6 col-lg-6 tech-data\">2.4, 5 GHz<\/div>\n<\/div>\n<div class=\"row tech-section-row\">\n<div class=\"col-xs-6 col-lg-6 tech-label\">Velocidad m\u00e1xima<\/div>\n<div class=\"col-xs-6 col-lg-6 tech-data\">433 Mbps<\/div>\n<\/div>\n<div class=\"row tech-section-row\">\n<div class=\"col-xs-6 col-lg-6 tech-label\">CERTIFICADO PARA Wi-Fi*<\/div>\n<div class=\"col-xs-6 col-lg-6 tech-data\">Wi-Fi 5 (802.11ac)<\/div>\n<\/div>\n<div class=\"row tech-section-row\">\n<div class=\"col-xs-6 col-lg-6 tech-label\">Conformidad<\/div>\n<div class=\"col-xs-6 col-lg-6 tech-data\">FIPS, FISMA<\/div>\n<\/div>\n<div class=\"row tech-section-row\">\n<div class=\"col-xs-6 col-lg-6 tech-label\">Versi\u00f3n de Bluetooth\u00a0<button class=\"btn btn-tooltip-trigger view-modal info-modal\" type=\"button\" data-toggle=\"modal\" data-target=\".upe-modal\" data-title=\"Versi\u00f3n de Bluetooth\" data-description=\"Los dispositivos se conectan de forma inal\u00e1mbrica por medio de la tecnolog\u00eda Bluetooth haciendo uso de ondas de radio en lugar de cables para conectar un tel\u00e9fono o una computadora. La comunicaci\u00f3n entre los dispositivos Bluetooth sucede a corto alcance, de manera que se establece una red de forma din\u00e1mica y autom\u00e1tica, a medida que los dispositivos ingresan y salen de la proximidad del radio.\" data-search-title=\"Buscar productos con Versi\u00f3n de Bluetooth\" data-search-href=\"\" data-search-icon=\"true\" data-keyboard=\"true\" aria-label=\"Versi\u00f3n de Bluetooth\"><\/button><\/div>\n<div class=\"col-xs-6 col-lg-6 tech-data\">5.1<\/div>\n<\/div>\n<div class=\"row tech-section-row\">\n<div class=\"col-xs-6 col-lg-6 tech-label\">Bluetooth integrado<\/div>\n<div class=\"col-xs-6 col-lg-6 tech-data\">Yes<\/div>\n<\/div>\n<\/div>\n<div id=\"specs-1-0-3\" class=\"tech-section\">\n<div class=\"row heading-row\">\n<div class=\"col-xs-12 col-sm-8 col-md-8 col-lg-8 col-xl-8\">\n<h3>Especificaciones de paquete<\/h3>\n<\/div>\n<\/div>\n<div class=\"row tech-section-row\">\n<div class=\"col-xs-6 col-lg-6 tech-label\">Formato de la placa<\/div>\n<div class=\"col-xs-6 col-lg-6 tech-data\">M.2 2230, M.2 1216<\/div>\n<\/div>\n<div class=\"row tech-section-row\">\n<div class=\"col-xs-6 col-lg-6 tech-label\">Tama\u00f1o de paquete<\/div>\n<div class=\"col-xs-6 col-lg-6 tech-data\">22mm x 30mm x 2.4mm, 12mm x 16mm x 1.57mm<\/div>\n<\/div>\n<div class=\"row tech-section-row\">\n<div class=\"col-xs-6 col-lg-6 tech-label\">Tipo de interfaz de sistema<\/div>\n<div class=\"col-xs-6 col-lg-6 tech-data\">M.2: CNVio<\/div>\n<\/div>\n<\/div>\n","protected":false},"excerpt":{"rendered":"<p>Transferencias TX\/RX 1&#215;1 (Diversity) Bandas 2.4, 5 GHz Velocidad m\u00e1xima 433 Mbps CERTIFICADO PARA Wi-Fi* Wi-Fi 5 (802.11ac) Conformidad FIPS, FISMA Versi\u00f3n de Bluetooth\u00a0 5.1 Bluetooth integrado Yes Especificaciones de paquete Formato de la placa M.2 2230, M.2 1216 Tama\u00f1o de paquete 22mm x 30mm x 2.4mm, 12mm x 16mm x 1.57mm Tipo de interfaz &hellip;<\/p>\n<p class=\"read-more\"> <a class=\" thunk-readmore button \" href=\"https:\/\/www.tusoportecnologico.com\/?product=intel-9462ngw-dual-band-wireless-ac\"> <span class=\"screen-reader-text\">Intel 9462NGW Dual Band Wireless-AC<\/span>Leer m\u00e1s<\/a><\/p>\n","protected":false},"featured_media":1403,"comment_status":"open","ping_status":"closed","template":"","meta":[],"product_brand":[],"product_cat":[29],"product_tag":[],"class_list":{"0":"post-1402","1":"product","2":"type-product","3":"status-publish","4":"has-post-thumbnail","6":"product_cat-tarjetared","7":"thunk-woo-product-list","8":"opn-qv-enable","9":"top-store-woo-hover-zoom","10":"top-store-single-product-tab-horizontal","11":"top-store-shadow-","12":"top-store-shadow-hover-","14":"first","15":"instock","16":"taxable","17":"shipping-taxable","18":"purchasable","19":"product-type-simple"},"_links":{"self":[{"href":"https:\/\/www.tusoportecnologico.com\/index.php?rest_route=\/wp\/v2\/product\/1402","targetHints":{"allow":["GET"]}}],"collection":[{"href":"https:\/\/www.tusoportecnologico.com\/index.php?rest_route=\/wp\/v2\/product"}],"about":[{"href":"https:\/\/www.tusoportecnologico.com\/index.php?rest_route=\/wp\/v2\/types\/product"}],"replies":[{"embeddable":true,"href":"https:\/\/www.tusoportecnologico.com\/index.php?rest_route=%2Fwp%2Fv2%2Fcomments&post=1402"}],"wp:featuredmedia":[{"embeddable":true,"href":"https:\/\/www.tusoportecnologico.com\/index.php?rest_route=\/wp\/v2\/media\/1403"}],"wp:attachment":[{"href":"https:\/\/www.tusoportecnologico.com\/index.php?rest_route=%2Fwp%2Fv2%2Fmedia&parent=1402"}],"wp:term":[{"taxonomy":"product_brand","embeddable":true,"href":"https:\/\/www.tusoportecnologico.com\/index.php?rest_route=%2Fwp%2Fv2%2Fproduct_brand&post=1402"},{"taxonomy":"product_cat","embeddable":true,"href":"https:\/\/www.tusoportecnologico.com\/index.php?rest_route=%2Fwp%2Fv2%2Fproduct_cat&post=1402"},{"taxonomy":"product_tag","embeddable":true,"href":"https:\/\/www.tusoportecnologico.com\/index.php?rest_route=%2Fwp%2Fv2%2Fproduct_tag&post=1402"}],"curies":[{"name":"wp","href":"https:\/\/api.w.org\/{rel}","templated":true}]}}